{"id":120,"date":"2025-08-04T07:22:12","date_gmt":"2025-08-04T07:22:12","guid":{"rendered":"http:\/\/cspt-sp.com\/?page_id=120"},"modified":"2026-03-27T09:56:30","modified_gmt":"2026-03-27T09:56:30","slug":"les-reunions","status":"publish","type":"page","link":"https:\/\/cspt-sp.com\/?page_id=120","title":{"rendered":"6 Nos documents"},"content":{"rendered":"\n<div class=\"wp-block-uagb-advanced-heading uagb-block-71d5796c\"><h2 class=\"uagb-heading-text\">DOCUMENTS<\/h2><\/div>\n\n\n\n<div class=\"wp-block-uagb-container uagb-block-9657de11 alignfull uagb-is-root-container\"><div class=\"uagb-container-inner-blocks-wrap\">\n<div class=\"wp-block-group is-nowrap is-layout-flex wp-container-core-group-is-layout-6c531013 wp-block-group-is-layout-flex\">\n<div class=\"wp-block-uagb-container uagb-block-313578bf\">\n<p class=\"has-ast-global-color-8-color has-text-color has-link-color has-medium-font-size wp-elements-49bb7ecbf409df85d8e47e5cb7cb43d7\"><a href=\"http:\/\/cspt-sp.com\/wp-content\/uploads\/2025\/08\/2025-09-06-02-Reglement-interieur-OK.pdf\" target=\"_blank\" rel=\"noreferrer noopener\">-R\u00e8glement int\u00e9rieur<\/a><\/p>\n\n\n\n<p class=\"has-ast-global-color-8-color has-text-color has-link-color has-medium-font-size wp-elements-257f728007c85c5b6ff7a5ab29b860ec\"><a href=\"http:\/\/cspt-sp.com\/wp-content\/uploads\/2025\/08\/2024-10-19-08-Statuts-CSPT-SP-valides-AGE.pdf\" target=\"_blank\" rel=\"noreferrer noopener\">-Statuts CSPT-SP<\/a><\/p>\n\n\n\n<p class=\"has-ast-global-color-8-color has-text-color has-link-color has-medium-font-size wp-elements-1301bf14382aa9de5e86c47e28a7b656\"><a href=\"http:\/\/cspt-sp.com\/wp-content\/uploads\/2026\/03\/2025-11-08-61.1-C.R.-A.G.O.pdf\">-Assembl\u00e9e G\u00e9n\u00e9rale exercice 2024-2025<\/a><\/p>\n\n\n\n<p class=\"has-ast-global-color-8-color has-text-color has-link-color has-medium-font-size wp-elements-1e9068f1d1c801251bdbf43e1aff65f4\"><a href=\"http:\/\/cspt-sp.com\/wp-content\/uploads\/2026\/03\/2025-11-18-4-Extrait-du-Compte-rendu-reunion-du-CD.pdf\">-Extrait de la r\u00e9union du Comit\u00e9 Directeur du CSPT-SP<\/a><\/p>\n<\/div>\n\n\n\n<div class=\"wp-block-uagb-container uagb-block-e0567ae8\">\n<div class=\"wp-block-uagb-image uagb-block-e93a9308 wp-block-uagb-image--layout-default wp-block-uagb-image--effect-static wp-block-uagb-image--align-none\"><figure class=\"wp-block-uagb-image__figure\"><img decoding=\"async\" srcset=\"https:\/\/cspt-sp.com\/wp-content\/uploads\/2025\/08\/Salle-Bernard-COULON.jpg ,https:\/\/cspt-sp.com\/wp-content\/uploads\/2025\/08\/Salle-Bernard-COULON.jpg 780w, https:\/\/cspt-sp.com\/wp-content\/uploads\/2025\/08\/Salle-Bernard-COULON.jpg 360w\" sizes=\"auto, (max-width: 480px) 150px\" src=\"https:\/\/cspt-sp.com\/wp-content\/uploads\/2025\/08\/Salle-Bernard-COULON.jpg\" alt=\"\" class=\"uag-image-241\" width=\"290\" height=\"180\" title=\"Salle Bernard COULON\" loading=\"lazy\" role=\"img\"\/><\/figure><\/div>\n<\/div>\n<\/div>\n<\/div><\/div>\n\n\n\n<p><\/p>\n\n\n\n<p><\/p>\n","protected":false},"excerpt":{"rendered":"<p>DOCUMENTS -R\u00e8glement int\u00e9rieur -Statuts CSPT-SP -Assembl\u00e9e G\u00e9n\u00e9rale exercice 2024-2025 -Extrait de la r\u00e9union du Comit\u00e9 Directeur du CSPT-SP<\/p>\n","protected":false},"author":1,"featured_media":0,"parent":0,"menu_order":0,"comment_status":"closed","ping_status":"closed","template":"","meta":{"_uag_custom_page_level_css":"","site-sidebar-layout":"default","site-content-layout":"","ast-site-content-layout":"default","site-content-style":"default","site-sidebar-style":"default","ast-global-header-display":"","ast-banner-title-visibility":"","ast-main-header-display":"","ast-hfb-above-header-display":"","ast-hfb-below-header-display":"","ast-hfb-mobile-header-display":"","site-post-title":"disabled","ast-breadcrumbs-content":"","ast-featured-img":"","footer-sml-layout":"","ast-disable-related-posts":"","theme-transparent-header-meta":"","adv-header-id-meta":"","stick-header-meta":"","header-above-stick-meta":"","header-main-stick-meta":"","header-below-stick-meta":"","astra-migrate-meta-layouts":"default","ast-page-background-enabled":"default","ast-page-background-meta":{"desktop":{"background-color":"var(--ast-global-color-5)","background-image":"","background-repeat":"repeat","background-position":"center center","background-size":"auto","background-attachment":"scroll","background-type":"","background-media":"","overlay-type":"","overlay-color":"","overlay-opacity":"","overlay-gradient":""},"tablet":{"background-color":"","background-image":"","background-repeat":"repeat","background-position":"center center","background-size":"auto","background-attachment":"scroll","background-type":"","background-media":"","overlay-type":"","overlay-color":"","overlay-opacity":"","overlay-gradient":""},"mobile":{"background-color":"","background-image":"","background-repeat":"repeat","background-position":"center center","background-size":"auto","background-attachment":"scroll","background-type":"","background-media":"","overlay-type":"","overlay-color":"","overlay-opacity":"","overlay-gradient":""}},"ast-content-background-meta":{"desktop":{"background-color":"var(--ast-global-color-4)","background-image":"","background-repeat":"repeat","background-position":"center center","background-size":"auto","background-attachment":"scroll","background-type":"","background-media":"","overlay-type":"","overlay-color":"","overlay-opacity":"","overlay-gradient":""},"tablet":{"background-color":"var(--ast-global-color-4)","background-image":"","background-repeat":"repeat","background-position":"center center","background-size":"auto","background-attachment":"scroll","background-type":"","background-media":"","overlay-type":"","overlay-color":"","overlay-opacity":"","overlay-gradient":""},"mobile":{"background-color":"var(--ast-global-color-4)","background-image":"","background-repeat":"repeat","background-position":"center center","background-size":"auto","background-attachment":"scroll","background-type":"","background-media":"","overlay-type":"","overlay-color":"","overlay-opacity":"","overlay-gradient":""}},"footnotes":""},"class_list":["post-120","page","type-page","status-publish","hentry"],"uagb_featured_image_src":{"full":false,"thumbnail":false,"medium":false,"medium_large":false,"large":false,"1536x1536":false,"2048x2048":false},"uagb_author_info":{"display_name":"admin1896","author_link":"https:\/\/cspt-sp.com\/?author=1"},"uagb_comment_info":0,"uagb_excerpt":"DOCUMENTS -R\u00e8glement int\u00e9rieur -Statuts CSPT-SP -Assembl\u00e9e G\u00e9n\u00e9rale exercice 2024-2025 -Extrait de la r\u00e9union du Comit\u00e9 Directeur du CSPT-SP","_links":{"self":[{"href":"https:\/\/cspt-sp.com\/index.php?rest_route=\/wp\/v2\/pages\/120","targetHints":{"allow":["GET"]}}],"collection":[{"href":"https:\/\/cspt-sp.com\/index.php?rest_route=\/wp\/v2\/pages"}],"about":[{"href":"https:\/\/cspt-sp.com\/index.php?rest_route=\/wp\/v2\/types\/page"}],"author":[{"embeddable":true,"href":"https:\/\/cspt-sp.com\/index.php?rest_route=\/wp\/v2\/users\/1"}],"replies":[{"embeddable":true,"href":"https:\/\/cspt-sp.com\/index.php?rest_route=%2Fwp%2Fv2%2Fcomments&post=120"}],"version-history":[{"count":86,"href":"https:\/\/cspt-sp.com\/index.php?rest_route=\/wp\/v2\/pages\/120\/revisions"}],"predecessor-version":[{"id":806,"href":"https:\/\/cspt-sp.com\/index.php?rest_route=\/wp\/v2\/pages\/120\/revisions\/806"}],"wp:attachment":[{"href":"https:\/\/cspt-sp.com\/index.php?rest_route=%2Fwp%2Fv2%2Fmedia&parent=120"}],"curies":[{"name":"wp","href":"https:\/\/api.w.org\/{rel}","templated":true}]}}