{"id":92,"date":"2025-07-30T11:42:03","date_gmt":"2025-07-30T11:42:03","guid":{"rendered":"http:\/\/cspt-sp.com\/?page_id=92"},"modified":"2026-03-27T12:38:07","modified_gmt":"2026-03-27T12:38:07","slug":"le-club","status":"publish","type":"page","link":"https:\/\/cspt-sp.com\/?page_id=92","title":{"rendered":"1 Le club"},"content":{"rendered":"\n<h2 class=\"wp-block-heading has-text-align-center has-medium-font-size\"><\/h2>\n\n\n\n<figure class=\"wp-block-image aligncenter size-full is-resized\"><img decoding=\"async\" src=\"https:\/\/cspt-sp.com\/wp-content\/uploads\/2026\/03\/image.png\" alt=\"\" class=\"wp-image-782\" style=\"aspect-ratio:5.080901062715163;width:867px;height:auto\"\/><\/figure>\n\n\n\n<div class=\"wp-block-uagb-container uagb-block-885d9e94 alignfull uagb-is-root-container\"><div class=\"uagb-container-inner-blocks-wrap\">\n<div class=\"wp-block-uagb-container uagb-block-47cad85a\">\n<p><strong>Notre histoire<\/strong><br><br>C&rsquo;est le <strong>2 ao\u00fbt 1977<\/strong> qu&rsquo;est n\u00e9e notre association, \u00e0 l&rsquo;origine nomm\u00e9e \u00ab CLUB SPORT POUR TOUS et ACTIVIT\u00c9S de PLEINE NATURE \u00bb. D\u00e8s le d\u00e9but, notre mission \u00e9tait claire : <strong>promouvoir l\u2019activit\u00e9 physique pour tous<\/strong>, sans distinction d&rsquo;\u00e2ge ou de milieu social, en \u00e9tant affili\u00e9 \u00e0 la F\u00e9d\u00e9ration Fran\u00e7aise \u00ab Sport pour Tous \u00bb.<br>Au fil des ann\u00e9es, nous avons \u00e9volu\u00e9 pour devenir le <strong>\u00ab CLUB SPORT POUR TOUS \u2013 SAINT POURCINOIS \u00bb<\/strong>, tout en restant fid\u00e8les \u00e0 nos valeurs fondatrices :<br>&#8211; <strong>Favoriser l\u2019acc\u00e8s au sport pour tous<\/strong> : C&rsquo;est notre engagement le plus profond.<br>&#8211; <strong>Cr\u00e9er du lien et encourager l\u2019entraide<\/strong> : Nous croyons en la force du groupe.<br>&#8211; <strong>Innover dans les m\u00e9thodes p\u00e9dagogiques<\/strong> : Pour un apprentissage toujours plus efficace.<br>&#8211; <strong>Faire grandir nos membres<\/strong> : Nous formons nos animateurs et faisons progresser nos adh\u00e9rents.<br><br><strong>Vous trouverez toutes les disciplines pratiqu\u00e9es sur la page \u00ab\u00a0LES ACTIVITES\u00a0\u00bb<\/strong><br><\/p>\n\n\n\n<p>Aujourd&rsquo;hui, ce sont <strong>pr\u00e8s de 300 licenci\u00e9s<\/strong> qui nous font confiance. Sous l&rsquo;encadrement d&rsquo;intervenants qualifi\u00e9s, chacun peut trouver l&rsquo;activit\u00e9 qui lui correspond.<br><br>Nous sommes ravis de partager cette belle aventure avec vous et de continuer \u00e0 promouvoir le sport et la solidarit\u00e9 au sein de notre communaut\u00e9.<\/p>\n\n\n\n<hr class=\"wp-block-separator has-alpha-channel-opacity\"\/>\n\n\n\n<p><strong>MENTIONS LEGALES<\/strong><\/p>\n\n\n\n<div class=\"wp-block-uagb-container uagb-block-3723b8a1\">\n<p><strong>GESTION ET H\u00c9BERGEMENT DU SITE INTERNET<\/strong><br>www.ovhcloud.com<br>Adresse : 2 rue Kellermann, 59100 Roubaix, France<br>T\u00e9l\u00e9phone : 09 72 10 10 07<br><br><strong>CONTENU DU SITE<\/strong><br>Le CSPT-SP (<strong>Club Sports Pour Tous \u2013 Saint Pourcinois<\/strong>) ne peut garantir l\u2019exactitude de toutes les informations contenues sur le site. Cependant, les \u00e9diteurs s\u2019efforceront de diffuser et contr\u00f4ler au mieux la pertinence et la v\u00e9racit\u00e9 du contenu afin de fournir des informations exactes et \u00e0 jour, ainsi que de corriger les erreurs qui lui seront signal\u00e9es.<br><br><strong>DIRECTEUR DE LA PUBLICATION<\/strong><br>Michel RANDOING<br>Pr\u00e9sident CSPT-SP<br>8 rue Blaise de Vigen\u00e8re<br>03500 Saint-Pour\u00e7ain-sur-Sioule<br>+33 6 82 06 70 04<br>www.cspt-sp.com<br><br><strong>CONCEPTION DU SITE INTERNET<\/strong><br> -Michel RANDOING<br> Pr\u00e9sident CSPT-SP<br> 8 rue Blaise de Vigen\u00e8re<br> 03500 Saint-Pour\u00e7ain-sur-Sioule<br> +33 6 82 06 70 04<br> -Trifiro d\u00e9veloppement Pour le support technique (nom de domaine, r\u00e9f\u00e9rencement, r\u00e9glage du site internet&#8230;)et la formation WordPress.<br><br><strong>FORMULAIRES<\/strong><br>Les informations recueillies par le biais des formulaires ne seront pas divulgu\u00e9es \u00e0 des personnes autres que celles composants le Comit\u00e9 Directeur du CSPT-SP.<br>Certaines des informations de ces formulaires sont facultatives, d\u2019autres obligatoires et clairement indiqu\u00e9es comme telles afin que vos r\u00e9ponses soient suffisantes pour nous permettre de traiter l\u2019information.<br>Votre adresse \u00e9lectronique (qui a fait l\u2019objet d\u2019une inscription volontaire) servira uniquement \u00e0 acheminer notre r\u00e9ponse \u00e0 votre question. Elle ne sera en aucun cas communiqu\u00e9e \u00e0 des tiers.<br>En application de l\u2019article 27 de la loi Informatique et libert\u00e9s en date du 6 f\u00e9vrier 1978, modifi\u00e9 par la loi n\u00b02004-801 du 6 ao\u00fbt 2004 et par la loi n\u00b02016-1321 du 7 octobre 2016, vous disposez d\u2019un droit de modification et de suppression des donn\u00e9es qui vous concernent. <br>Pour cela, vous \u00eates libre, \u00e0 tout moment, de nous le signaler \u00e0 l\u2019adresse : clubsportspourtousspt@gmail.com.<br><br><strong>INFORMATIONS JURIDIQUES DROIT D\u2019AUTEUR \u2013 COPYRIGHT<\/strong><br>La reproduction sur support papier sous r\u00e9serve du respect des conditions suivantes :<br>&#8211; Gratuit\u00e9 de la diffusion<br>&#8211; Respect de l\u2019int\u00e9grit\u00e9 des documents reproduits (aucune modification, ni alt\u00e9ration d\u2019aucune sorte)<br>&#8211; Citation explicite du site www.ville-saint-pourcain-sur-sioule.com comme source et mention que les droits de reproduction sont r\u00e9serv\u00e9s et strictement limit\u00e9s.<br>La reproduction sur support \u00e9lectronique<br>&#8211; La reproduction de tout ou partie de ce site sur un support \u00e9lectronique est autoris\u00e9e sous r\u00e9serve de l\u2019ajout de fa\u00e7on claire et lisible de la source (www.cspt-sp.com) et de la mention \u00ab Droits r\u00e9serv\u00e9s \u00bb.<br>&#8211; Les informations utilis\u00e9es ne doivent l\u2019\u00eatre qu\u2019\u00e0 des fins personnelles, associatives ou professionnelles ; toute utilisation \u00e0 des fins commerciales ou publicitaires est exclue.<br>&#8211; La cr\u00e9ation de liens vers www.cspt-sp.com<br>Le site www.cspt-sp.com autorise la mise en place d\u2019un lien hypertexte pointant vers son contenu, sous r\u00e9serve de :<br>&#8211; Ne pas utiliser la technique du lien profond (\u00ab deep linking \u00bb), c\u2019est-\u00e0-dire que les pages du site www.cspt-sp.com ne doivent pas \u00eatre imbriqu\u00e9es \u00e0 l\u2019int\u00e9rieur des pages d\u2019un autre site, mais accessible par l\u2019ouverture d\u2019une fen\u00eatre.<br>&#8211; Mentionner la source qui pointera gr\u00e2ce \u00e0 un lien hypertexte directement sur le contenu vis\u00e9. Les informations utilis\u00e9es ne doivent l\u2019\u00eatre qu\u2019\u00e0 des fins personnelles, associatives ou professionnelles ; toute utilisation \u00e0 des fins commerciales ou publicitaires est exclue.<br>Cette autorisation ne s\u2019applique pas aux sites internet diffusant des informations \u00e0 caract\u00e8re pol\u00e9mique, pornographique, x\u00e9nophobe ou pouvant, dans une plus large mesure, porter atteinte \u00e0 la sensibilit\u00e9 du plus grand nombre.<br>Pour d\u2019autres utilisations, veuillez nous consulter.<br><br><strong>INFORMATION QUANT AUX LIENS HYPERTEXTES<\/strong><br>Il est possible de cr\u00e9er un lien vers le site sans autorisation expresse de l\u2019\u00e9diteur, \u00e0 la seule condition que ce lien ouvre une nouvelle fen\u00eatre du navigateur Internet. Toutefois, l\u2019\u00e9diteur se r\u00e9serve le droit de demander la suppression d\u2019un lien qu\u2019il estime non conforme \u00e0 sa politique \u00e9ditoriale.<br>En outre, la pr\u00e9sence de liens hypertextes vers le site ne signifie en aucune mani\u00e8re que le site et son \u00e9diteur adh\u00e8rent \u00e0 leur contenu ou acceptent une responsabilit\u00e9 quelconque pour le contenu ou l\u2019utilisation de cet autre site Internet.<br><br><strong>CR\u00c9DIT PHOTOGRAPHIQUE<\/strong><br>Les photographies pr\u00e9sentes sur ce site ne peuvent faire l\u2019objet d\u2019une quelconque reproduction.<br><br><strong>COOKIES<\/strong><br>&#8211; Un cookie est un petit fichier texte, au format alphanum\u00e9rique, d\u00e9pos\u00e9 sur le disque dur de l\u2019internaute par le serveur du site visit\u00e9.<br>&#8211; Ces cookies ne comportent aucune information \u00e0 caract\u00e8res priv\u00e9 ou qui puisse permettre d\u2019identifier le visiteur. Les cookies permettent de reconnaitre un visiteur lorsqu\u2019il revient sur un site web ; cependant, sur un plan technique les cookies permettent, en fait, de reconnaitre une machine et non r\u00e9ellement un utilisateur. Les cookies permettent au site d\u2019am\u00e9liorer les services propos\u00e9s, de reconna\u00eetre le visiteur et de faciliter la gestion du site. Les cookies peuvent \u00e9galement \u00eatre utilis\u00e9s \u00e0 des fins statistiques (nombre de visites par jour, par heure, pages consult\u00e9es, \u2026).<br>&#8211; Le visiteur est inform\u00e9 du fait qu\u2019il peut accepter, refuser ou param\u00e9trer la mise en place de cookies sur son disque dur en suivant la proc\u00e9dure indiqu\u00e9e sur son navigateur d\u00e8s sa premi\u00e8re visite. Le fait de refuser ou limiter les cookies peut perturber l\u2019utilisation du site internet.<br><br><strong>MODIFICATION DES MENTIONS L\u00c9GALES<\/strong><br>Les mentions l\u00e9gales peuvent \u00eatre modifi\u00e9es \u00e0 tout moment. Ces modifications sont publi\u00e9es par leur mise en ligne et sont r\u00e9put\u00e9es accept\u00e9es sans r\u00e9serve lorsque vous acc\u00e9dez au site post\u00e9rieurement \u00e0 leur mise en ligne. Nous vous recommandons de consulter r\u00e9guli\u00e8rement la pr\u00e9sente page.<br><br><strong>DROIT APPLICABLE<\/strong><br>Le droit applicable au pr\u00e9sent site et \u00e0 ses mentions l\u00e9gales est le droit fran\u00e7ais.<\/p>\n<\/div>\n<\/div>\n<\/div><\/div>\n\n\n\n<p><\/p>\n\n\n\n<p><\/p>\n","protected":false},"excerpt":{"rendered":"<p>Notre histoire C&rsquo;est le 2 ao\u00fbt 1977 qu&rsquo;est n\u00e9e notre association, \u00e0 l&rsquo;origine nomm\u00e9e \u00ab CLUB SPORT POUR TOUS et [&hellip;]<\/p>\n","protected":false},"author":1,"featured_media":0,"parent":0,"menu_order":0,"comment_status":"closed","ping_status":"closed","template":"","meta":{"_uag_custom_page_level_css":"","site-sidebar-layout":"default","site-content-layout":"","ast-site-content-layout":"default","site-content-style":"default","site-sidebar-style":"default","ast-global-header-display":"","ast-banner-title-visibility":"","ast-main-header-display":"","ast-hfb-above-header-display":"","ast-hfb-below-header-display":"","ast-hfb-mobile-header-display":"","site-post-title":"disabled","ast-breadcrumbs-content":"","ast-featured-img":"","footer-sml-layout":"","ast-disable-related-posts":"","theme-transparent-header-meta":"","adv-header-id-meta":"","stick-header-meta":"","header-above-stick-meta":"","header-main-stick-meta":"","header-below-stick-meta":"","astra-migrate-meta-layouts":"default","ast-page-background-enabled":"default","ast-page-background-meta":{"desktop":{"background-color":"var(--ast-global-color-5)","background-image":"","background-repeat":"repeat","background-position":"center center","background-size":"auto","background-attachment":"scroll","background-type":"","background-media":"","overlay-type":"","overlay-color":"","overlay-opacity":"","overlay-gradient":""},"tablet":{"background-color":"","background-image":"","background-repeat":"repeat","background-position":"center center","background-size":"auto","background-attachment":"scroll","background-type":"","background-media":"","overlay-type":"","overlay-color":"","overlay-opacity":"","overlay-gradient":""},"mobile":{"background-color":"","background-image":"","background-repeat":"repeat","background-position":"center center","background-size":"auto","background-attachment":"scroll","background-type":"","background-media":"","overlay-type":"","overlay-color":"","overlay-opacity":"","overlay-gradient":""}},"ast-content-background-meta":{"desktop":{"background-color":"var(--ast-global-color-4)","background-image":"","background-repeat":"repeat","background-position":"center center","background-size":"auto","background-attachment":"scroll","background-type":"","background-media":"","overlay-type":"","overlay-color":"","overlay-opacity":"","overlay-gradient":""},"tablet":{"background-color":"var(--ast-global-color-4)","background-image":"","background-repeat":"repeat","background-position":"center center","background-size":"auto","background-attachment":"scroll","background-type":"","background-media":"","overlay-type":"","overlay-color":"","overlay-opacity":"","overlay-gradient":""},"mobile":{"background-color":"var(--ast-global-color-4)","background-image":"","background-repeat":"repeat","background-position":"center center","background-size":"auto","background-attachment":"scroll","background-type":"","background-media":"","overlay-type":"","overlay-color":"","overlay-opacity":"","overlay-gradient":""}},"footnotes":""},"class_list":["post-92","page","type-page","status-publish","hentry"],"uagb_featured_image_src":{"full":false,"thumbnail":false,"medium":false,"medium_large":false,"large":false,"1536x1536":false,"2048x2048":false},"uagb_author_info":{"display_name":"admin1896","author_link":"https:\/\/cspt-sp.com\/?author=1"},"uagb_comment_info":0,"uagb_excerpt":"Notre histoire C&rsquo;est le 2 ao\u00fbt 1977 qu&rsquo;est n\u00e9e notre association, \u00e0 l&rsquo;origine nomm\u00e9e \u00ab CLUB SPORT POUR TOUS et [&hellip;]","_links":{"self":[{"href":"https:\/\/cspt-sp.com\/index.php?rest_route=\/wp\/v2\/pages\/92","targetHints":{"allow":["GET"]}}],"collection":[{"href":"https:\/\/cspt-sp.com\/index.php?rest_route=\/wp\/v2\/pages"}],"about":[{"href":"https:\/\/cspt-sp.com\/index.php?rest_route=\/wp\/v2\/types\/page"}],"author":[{"embeddable":true,"href":"https:\/\/cspt-sp.com\/index.php?rest_route=\/wp\/v2\/users\/1"}],"replies":[{"embeddable":true,"href":"https:\/\/cspt-sp.com\/index.php?rest_route=%2Fwp%2Fv2%2Fcomments&post=92"}],"version-history":[{"count":23,"href":"https:\/\/cspt-sp.com\/index.php?rest_route=\/wp\/v2\/pages\/92\/revisions"}],"predecessor-version":[{"id":825,"href":"https:\/\/cspt-sp.com\/index.php?rest_route=\/wp\/v2\/pages\/92\/revisions\/825"}],"wp:attachment":[{"href":"https:\/\/cspt-sp.com\/index.php?rest_route=%2Fwp%2Fv2%2Fmedia&parent=92"}],"curies":[{"name":"wp","href":"https:\/\/api.w.org\/{rel}","templated":true}]}}